{"id":20,"date":"2019-11-06T15:59:59","date_gmt":"2019-11-06T12:59:59","guid":{"rendered":"http:\/\/www.ademgurz.com.tr\/blog\/?page_id=20"},"modified":"2019-11-07T13:36:41","modified_gmt":"2019-11-07T10:36:41","slug":"ozgecmis","status":"publish","type":"page","link":"http:\/\/www.ademgurz.com.tr\/blog\/ozgecmis\/","title":{"rendered":"\u00d6zge\u00e7mi\u015f"},"content":{"rendered":"\n<div class=\"wp-block-image\"><figure class=\"aligncenter\"><img loading=\"lazy\" decoding=\"async\" width=\"499\" height=\"330\" src=\"http:\/\/www.ademgurz.com.tr\/blog\/wp-content\/uploads\/2019\/11\/adem-gurz-turk-milleti-degerli-evladini-kaybetti.jpg\" alt=\"\" class=\"wp-image-107\" srcset=\"http:\/\/www.ademgurz.com.tr\/blog\/wp-content\/uploads\/2019\/11\/adem-gurz-turk-milleti-degerli-evladini-kaybetti.jpg 499w, http:\/\/www.ademgurz.com.tr\/blog\/wp-content\/uploads\/2019\/11\/adem-gurz-turk-milleti-degerli-evladini-kaybetti-300x198.jpg 300w\" sizes=\"auto, (max-width: 499px) 100vw, 499px\" \/><\/figure><\/div>\n\n\n\n<p>10.04.1976 y\u0131l\u0131nda Kahramanmara\u015f\u2019\u0131n Elbistan il\u00e7esinde do\u011fdu. \u0130lk ve Orta \u00f6\u011fretimini Elbistan da, Lise e\u011fitimini M\u00fckrimin Halil Lisesinde tamamlad\u0131. 1997 y\u0131l\u0131nda Kahramanmara\u015f S\u00fct\u00e7\u00fc \u0130mam \u00dcniversitesi, Ziraat Fak\u00fcltesini Kazand\u0131. 2002 Y\u0131l\u0131nda mezun oldu.\u00a0<strong>Ayn\u0131 \u00dcniversitede Ziraat Fak\u00fcltesinde Y\u00fcksek lisansa ba\u015flad\u0131. 2005 y\u0131l\u0131nda Elma fidanlar\u0131na benzin adenin etkisi isimli tezi vererek mezun oldu.<\/strong>\u00a0<\/p>\n\n\n\n<p>Bir tekstil fabrikas\u0131nda 2 y\u0131l \u00e7al\u0131\u015ft\u0131ktan sonra tar\u0131m, ha\u015fere ila\u00e7lar\u0131 ve ila\u00e7lama hizmetleri, rekl\u00e2m ajans\u0131 alanlar\u0131nda faaliyet g\u00f6steren bir \u015firket kurdu ve halen \u015firket y\u00f6netim kurulu ba\u015fkan\u0131 olarak g\u00f6rev yapmaktad\u0131r.\u00a0<\/p>\n\n\n\n<p>Okumay\u0131 ve edebiyat\u0131 \u00e7ok seven Adem G\u00dcRZ \u00e7ok say\u0131da makale ve \u015fiir yazd\u0131. Denemeleri \u00e7e\u015fitli yay\u0131n organlar\u0131nda yay\u0131mland\u0131. Milliyet\u00e7i ve \u00dclk\u00fcc\u00fc d\u00fcnya g\u00f6r\u00fc\u015f\u00fcn\u00fc benimseyen \u00e7ocukluk y\u0131llar\u0131ndan itibaren bu te\u015fkilat\u0131n i\u00e7erisinden aktif olarak \u00e7al\u0131\u015fan Adem G\u00dcRZ kendisini ( En \u00e7ok vatan\u0131n\u0131 seven adam) olarak nitelendirmektedir.\u00a0 <\/p>\n\n\n\n<p>\u00dclk\u00fcc\u00fc te\u015fkilatta aktif olarak \u00e7al\u0131\u015fan Adem G\u00dcRZ \u2019\u00fcn \u00dclk\u00fc Ocaklar\u0131 ve Milliyet\u00e7i Hareket Partisi\u2019nde yapt\u0131\u011f\u0131 g\u00f6revler.<\/p>\n\n\n\n<ul class=\"wp-block-list\"><li>1990 Gazi Mustafa Kemal Orta Okulu Okul Ba\u015fkanl\u0131\u011f\u0131.<\/li><li>1992 Lise te\u015fkilat ba\u015fkanl\u0131\u011f\u0131.<\/li><li>1991\u20141997&nbsp; \u00dclk\u00fc ocaklar\u0131nda liselerden sorumlu ocak y\u00f6neticili\u011fi<\/li><li>1997 Ziraat Fak\u00fcltesi ba\u015fkanl\u0131\u011f\u0131<\/li><li>1998 \u00dcniversite te\u015fkilat\u0131 disiplin masas\u0131 ba\u015fkan\u0131.<\/li><li>1999 \u00dcniversite te\u015fkilat\u0131 2. ba\u015fkanl\u0131\u011f\u0131.<\/li><li><strong>2000 \u00dcniversite ba\u015fkanl\u0131\u011f\u0131.<\/strong><\/li><li>2001 \u00dcniversiteden sorumlu ocak y\u00f6neticili\u011fi<\/li><li>2002 Orta \u00d6\u011fretimlerden sorumlu ocak y\u00f6neticili\u011fi.<\/li><li>2003 T\u00fcrko\u011flu il\u00e7esi ocak ba\u015fkanl\u0131\u011f\u0131.<\/li><li>2004\u20132008 y\u0131llar\u0131 aras\u0131nda ocak y\u00f6neticili\u011fi b\u00fcnyesinde bas\u0131n yay\u0131n masas\u0131, e\u011fitim masas\u0131, b\u00fcrokrasi masas\u0131, ba\u015fkanl\u0131klar\u0131.<\/li><li><strong>2010 Milliyet\u00e7i Hareket Partisi \u0130l Y\u00f6netim Kurulu \u00dcyeli\u011fi.<\/strong><\/li><li><strong>2014 Mhp Genel Merkezi Siyaset ve Liderlik Okulu Mezunu<\/strong><\/li><li>2015 MHP \u0130l Ba\u015fkan Adayl\u0131\u011f\u0131<\/li><li>2016&nbsp; 25. ve 26. D\u00f6nem Milletvekilli Aday Aday\u0131<\/li><\/ul>\n","protected":false},"excerpt":{"rendered":"<p>10.04.1976 y\u0131l\u0131nda Kahramanmara\u015f\u2019\u0131n Elbistan il\u00e7esinde do\u011fdu. \u0130lk ve Orta \u00f6\u011fretimini Elbistan da, Lise e\u011fitimini M\u00fckrimin Halil Lisesinde tamamlad\u0131. 1997 y\u0131l\u0131nda Kahramanmara\u015f S\u00fct\u00e7\u00fc \u0130mam \u00dcniversitesi, Ziraat Fak\u00fcltesini Kazand\u0131. 2002 Y\u0131l\u0131nda mezun oldu.\u00a0Ayn\u0131 \u00dcniversitede Ziraat Fak\u00fcltesinde Y\u00fcksek lisansa ba\u015flad\u0131. 2005 y\u0131l\u0131nda Elma fidanlar\u0131na benzin adenin etkisi isimli tezi vererek mezun oldu.\u00a0 Bir tekstil fabrikas\u0131nda 2 y\u0131l \u00e7al\u0131\u015ft\u0131ktan [&hellip;]<\/p>\n","protected":false},"author":1,"featured_media":0,"parent":0,"menu_order":0,"comment_status":"closed","ping_status":"closed","template":"","meta":{"footnotes":""},"class_list":["post-20","page","type-page","status-publish","hentry"],"_links":{"self":[{"href":"http:\/\/www.ademgurz.com.tr\/blog\/wp-json\/wp\/v2\/pages\/20","targetHints":{"allow":["GET"]}}],"collection":[{"href":"http:\/\/www.ademgurz.com.tr\/blog\/wp-json\/wp\/v2\/pages"}],"about":[{"href":"http:\/\/www.ademgurz.com.tr\/blog\/wp-json\/wp\/v2\/types\/page"}],"author":[{"embeddable":true,"href":"http:\/\/www.ademgurz.com.tr\/blog\/wp-json\/wp\/v2\/users\/1"}],"replies":[{"embeddable":true,"href":"http:\/\/www.ademgurz.com.tr\/blog\/wp-json\/wp\/v2\/comments?post=20"}],"version-history":[{"count":3,"href":"http:\/\/www.ademgurz.com.tr\/blog\/wp-json\/wp\/v2\/pages\/20\/revisions"}],"predecessor-version":[{"id":108,"href":"http:\/\/www.ademgurz.com.tr\/blog\/wp-json\/wp\/v2\/pages\/20\/revisions\/108"}],"wp:attachment":[{"href":"http:\/\/www.ademgurz.com.tr\/blog\/wp-json\/wp\/v2\/media?parent=20"}],"curies":[{"name":"wp","href":"https:\/\/api.w.org\/{rel}","templated":true}]}}